{"id":10,"date":"2024-03-20T09:44:18","date_gmt":"2024-03-20T09:44:18","guid":{"rendered":"https:\/\/kalendarium-trojdzielne.pl\/?page_id=10"},"modified":"2025-09-24T10:42:07","modified_gmt":"2025-09-24T10:42:07","slug":"informacje","status":"publish","type":"page","link":"https:\/\/kalendarium-trojdzielne.pl\/","title":{"rendered":"Kalendarium tr\u00f3jdzielne &#8211; Informacje"},"content":{"rendered":"\n<div class=\"wp-block-columns alignfull is-layout-flex wp-container-core-columns-is-layout-9d6595d7 wp-block-columns-is-layout-flex\">\n<div class=\"wp-block-column has-background is-layout-flow wp-block-column-is-layout-flow\" style=\"background-color:#00000000;flex-basis:40%\">\n<div style=\"height:92px\" aria-hidden=\"true\" class=\"wp-block-spacer\"><\/div>\n\n\n\n<figure class=\"wp-block-image size-large\"><img loading=\"lazy\" decoding=\"async\" width=\"1024\" height=\"516\" src=\"https:\/\/kalendarium-trojdzielne.pl\/wp-content\/uploads\/2025\/07\/3D_kalendarium_trojdzielne_grudzien_czarno_czerwone-1024x516.jpg\" alt=\"\" class=\"wp-image-174\" srcset=\"https:\/\/kalendarium-trojdzielne.pl\/wp-content\/uploads\/2025\/07\/3D_kalendarium_trojdzielne_grudzien_czarno_czerwone-1024x516.jpg 1024w, https:\/\/kalendarium-trojdzielne.pl\/wp-content\/uploads\/2025\/07\/3D_kalendarium_trojdzielne_grudzien_czarno_czerwone-300x151.jpg 300w, https:\/\/kalendarium-trojdzielne.pl\/wp-content\/uploads\/2025\/07\/3D_kalendarium_trojdzielne_grudzien_czarno_czerwone-768x387.jpg 768w, https:\/\/kalendarium-trojdzielne.pl\/wp-content\/uploads\/2025\/07\/3D_kalendarium_trojdzielne_grudzien_czarno_czerwone-1536x774.jpg 1536w, https:\/\/kalendarium-trojdzielne.pl\/wp-content\/uploads\/2025\/07\/3D_kalendarium_trojdzielne_grudzien_czarno_czerwone.jpg 1744w\" sizes=\"auto, (max-width: 767px) 89vw, (max-width: 1000px) 54vw, (max-width: 1071px) 543px, 580px\" \/><\/figure>\n\n\n\n<figure class=\"wp-block-image size-large\"><img loading=\"lazy\" decoding=\"async\" width=\"1024\" height=\"516\" src=\"https:\/\/kalendarium-trojdzielne.pl\/wp-content\/uploads\/2025\/07\/3D_kalendarium_trojdzielne_styczen_czarno_czerwone-1024x516.jpg\" alt=\"\" class=\"wp-image-176\" srcset=\"https:\/\/kalendarium-trojdzielne.pl\/wp-content\/uploads\/2025\/07\/3D_kalendarium_trojdzielne_styczen_czarno_czerwone-1024x516.jpg 1024w, https:\/\/kalendarium-trojdzielne.pl\/wp-content\/uploads\/2025\/07\/3D_kalendarium_trojdzielne_styczen_czarno_czerwone-300x151.jpg 300w, https:\/\/kalendarium-trojdzielne.pl\/wp-content\/uploads\/2025\/07\/3D_kalendarium_trojdzielne_styczen_czarno_czerwone-768x387.jpg 768w, https:\/\/kalendarium-trojdzielne.pl\/wp-content\/uploads\/2025\/07\/3D_kalendarium_trojdzielne_styczen_czarno_czerwone-1536x774.jpg 1536w, https:\/\/kalendarium-trojdzielne.pl\/wp-content\/uploads\/2025\/07\/3D_kalendarium_trojdzielne_styczen_czarno_czerwone.jpg 1744w\" sizes=\"auto, (max-width: 767px) 89vw, (max-width: 1000px) 54vw, (max-width: 1071px) 543px, 580px\" \/><\/figure>\n\n\n\n<figure class=\"wp-block-image size-large\"><img loading=\"lazy\" decoding=\"async\" width=\"1024\" height=\"516\" src=\"https:\/\/kalendarium-trojdzielne.pl\/wp-content\/uploads\/2025\/07\/3D_kalendarium_trojdzielne_luty_czarno_czerwone-1024x516.jpg\" alt=\"\" class=\"wp-image-178\" srcset=\"https:\/\/kalendarium-trojdzielne.pl\/wp-content\/uploads\/2025\/07\/3D_kalendarium_trojdzielne_luty_czarno_czerwone-1024x516.jpg 1024w, https:\/\/kalendarium-trojdzielne.pl\/wp-content\/uploads\/2025\/07\/3D_kalendarium_trojdzielne_luty_czarno_czerwone-300x151.jpg 300w, https:\/\/kalendarium-trojdzielne.pl\/wp-content\/uploads\/2025\/07\/3D_kalendarium_trojdzielne_luty_czarno_czerwone-768x387.jpg 768w, https:\/\/kalendarium-trojdzielne.pl\/wp-content\/uploads\/2025\/07\/3D_kalendarium_trojdzielne_luty_czarno_czerwone-1536x774.jpg 1536w, https:\/\/kalendarium-trojdzielne.pl\/wp-content\/uploads\/2025\/07\/3D_kalendarium_trojdzielne_luty_czarno_czerwone.jpg 1744w\" sizes=\"auto, (max-width: 767px) 89vw, (max-width: 1000px) 54vw, (max-width: 1071px) 543px, 580px\" \/><\/figure>\n\n\n\n<div style=\"height:92px\" aria-hidden=\"true\" class=\"wp-block-spacer\"><\/div>\n\n\n\n<figure class=\"wp-block-image size-large\"><img loading=\"lazy\" decoding=\"async\" width=\"1024\" height=\"516\" src=\"https:\/\/kalendarium-trojdzielne.pl\/wp-content\/uploads\/2025\/07\/3D_kalendarium_trojdzielne_grudzien_granatowo_czerwone-1024x516.jpg\" alt=\"\" class=\"wp-image-180\" srcset=\"https:\/\/kalendarium-trojdzielne.pl\/wp-content\/uploads\/2025\/07\/3D_kalendarium_trojdzielne_grudzien_granatowo_czerwone-1024x516.jpg 1024w, https:\/\/kalendarium-trojdzielne.pl\/wp-content\/uploads\/2025\/07\/3D_kalendarium_trojdzielne_grudzien_granatowo_czerwone-300x151.jpg 300w, https:\/\/kalendarium-trojdzielne.pl\/wp-content\/uploads\/2025\/07\/3D_kalendarium_trojdzielne_grudzien_granatowo_czerwone-768x387.jpg 768w, https:\/\/kalendarium-trojdzielne.pl\/wp-content\/uploads\/2025\/07\/3D_kalendarium_trojdzielne_grudzien_granatowo_czerwone-1536x774.jpg 1536w, https:\/\/kalendarium-trojdzielne.pl\/wp-content\/uploads\/2025\/07\/3D_kalendarium_trojdzielne_grudzien_granatowo_czerwone.jpg 1744w\" sizes=\"auto, (max-width: 767px) 89vw, (max-width: 1000px) 54vw, (max-width: 1071px) 543px, 580px\" \/><\/figure>\n\n\n\n<figure class=\"wp-block-image size-large\"><img loading=\"lazy\" decoding=\"async\" width=\"1024\" height=\"516\" src=\"https:\/\/kalendarium-trojdzielne.pl\/wp-content\/uploads\/2025\/07\/3D_kalendarium_trojdzielne_styczen_granatowo_czerwone-1024x516.jpg\" alt=\"\" class=\"wp-image-181\" srcset=\"https:\/\/kalendarium-trojdzielne.pl\/wp-content\/uploads\/2025\/07\/3D_kalendarium_trojdzielne_styczen_granatowo_czerwone-1024x516.jpg 1024w, https:\/\/kalendarium-trojdzielne.pl\/wp-content\/uploads\/2025\/07\/3D_kalendarium_trojdzielne_styczen_granatowo_czerwone-300x151.jpg 300w, https:\/\/kalendarium-trojdzielne.pl\/wp-content\/uploads\/2025\/07\/3D_kalendarium_trojdzielne_styczen_granatowo_czerwone-768x387.jpg 768w, https:\/\/kalendarium-trojdzielne.pl\/wp-content\/uploads\/2025\/07\/3D_kalendarium_trojdzielne_styczen_granatowo_czerwone-1536x774.jpg 1536w, https:\/\/kalendarium-trojdzielne.pl\/wp-content\/uploads\/2025\/07\/3D_kalendarium_trojdzielne_styczen_granatowo_czerwone.jpg 1744w\" sizes=\"auto, (max-width: 767px) 89vw, (max-width: 1000px) 54vw, (max-width: 1071px) 543px, 580px\" \/><\/figure>\n\n\n\n<figure class=\"wp-block-image size-large\"><img loading=\"lazy\" decoding=\"async\" width=\"1024\" height=\"516\" src=\"https:\/\/kalendarium-trojdzielne.pl\/wp-content\/uploads\/2025\/07\/3D_kalendarium_trojdzielne_luty_granatowo_czerwone-1024x516.jpg\" alt=\"\" class=\"wp-image-182\" srcset=\"https:\/\/kalendarium-trojdzielne.pl\/wp-content\/uploads\/2025\/07\/3D_kalendarium_trojdzielne_luty_granatowo_czerwone-1024x516.jpg 1024w, https:\/\/kalendarium-trojdzielne.pl\/wp-content\/uploads\/2025\/07\/3D_kalendarium_trojdzielne_luty_granatowo_czerwone-300x151.jpg 300w, https:\/\/kalendarium-trojdzielne.pl\/wp-content\/uploads\/2025\/07\/3D_kalendarium_trojdzielne_luty_granatowo_czerwone-768x387.jpg 768w, https:\/\/kalendarium-trojdzielne.pl\/wp-content\/uploads\/2025\/07\/3D_kalendarium_trojdzielne_luty_granatowo_czerwone-1536x774.jpg 1536w, https:\/\/kalendarium-trojdzielne.pl\/wp-content\/uploads\/2025\/07\/3D_kalendarium_trojdzielne_luty_granatowo_czerwone.jpg 1744w\" sizes=\"auto, (max-width: 767px) 89vw, (max-width: 1000px) 54vw, (max-width: 1071px) 543px, 580px\" \/><\/figure>\n<\/div>\n\n\n\n<div class=\"wp-block-column is-layout-flow wp-block-column-is-layout-flow\" style=\"padding-top:1em;padding-right:1em;padding-bottom:1em;padding-left:1em;flex-basis:60%\">\n<div class=\"wp-block-columns are-vertically-aligned-center is-layout-flex wp-container-core-columns-is-layout-9d6595d7 wp-block-columns-is-layout-flex\">\n<div class=\"wp-block-column is-vertically-aligned-center is-layout-flow wp-block-column-is-layout-flow\" style=\"flex-basis:320px\">\n<h6 class=\"wp-block-heading\"><strong>Kalendarium tr\u00f3jdzielne sk\u0142ada si\u0119 z 3 bloczk\u00f3w po 12 arkuszy ka\u017cdy z kartonikiem od spodu.<\/strong><\/h6>\n\n\n\n<p>\u015arodkowy bloczek wyr\u00f3\u017cniony jest ja\u015bniejszym &#8211; t\u0142em. Pozosta\u0142e dwa bloczki kalendarium tr\u00f3jdzielnego maj\u0105 t\u0142o nieco ciemniejsze &#8211; 10% koloru granatowego lub 10% koloru czarnego. Niedziele i \u015bwi\u0119ta wydrukowane s\u0105 w kolorze czerwonym, pozosta\u0142e dni w kolorze granatowym lub czarnym.<\/p>\n\n\n\n<p><strong>Zakres kalendarium:<\/strong><br>&nbsp;&nbsp;&nbsp; obejmuje okres od grudnia poprzedniego roku<br>&nbsp;&nbsp;&nbsp; do stycznia nast\u0119pnego roku &#8211; w sumie jest to 14 miesi\u0119cy<br>&nbsp;&nbsp;&nbsp; (w przypadku kalendarium na rok 2026 jest to przedzia\u0142:<br>&nbsp;&nbsp;&nbsp; od grudnia 2025 do stycznia 2027).<\/p>\n\n\n\n<p><strong>Nazwy miesi\u0119cy i tygodni:<\/strong><br>&nbsp;&nbsp; &#8211; dni tygodnia i miesi\u0119cy s\u0105 czteroj\u0119zyczne:<br>&nbsp;&nbsp;&nbsp;&nbsp;&nbsp; polski, angielski, niemiecki, ukrai\u0144ski.<\/p>\n\n\n\n<p>Kolory nadruku wg wzornika Pantone:<br><br>&nbsp;&nbsp;&nbsp; &#8211;&nbsp;<strong><a href=\"https:\/\/www.drukarnia.chorzow.pl\/p617-kalendaria-3d-czarne.htm\" target=\"_blank\" rel=\"noopener\">kalendarium tr\u00f3jdzielne czarno-<mark style=\"background-color:rgba(0, 0, 0, 0)\" class=\"has-inline-color has-vivid-red-color\">czerwone<\/mark><\/a><\/strong><br>&nbsp;&nbsp;&nbsp;&nbsp;&nbsp;&nbsp;&nbsp; &#8211; czarny<br>&nbsp;&nbsp;&nbsp;&nbsp;&nbsp;&nbsp;&nbsp; &#8211; czerwony &#8211; RED 032U<br><br><strong>&nbsp;&nbsp;&nbsp; &#8211;&nbsp;<a href=\"https:\/\/www.drukarnia.chorzow.pl\/p615-kalendarium-3d-granatowe.htm\" target=\"_blank\" rel=\"noopener\">kalendarium tr\u00f3jdzielne&nbsp;<mark style=\"background-color:rgba(0, 0, 0, 0)\" class=\"has-inline-color has-vivid-cyan-blue-color\">granatowo<\/mark>&#8211;<mark style=\"background-color:rgba(0, 0, 0, 0)\" class=\"has-inline-color has-vivid-red-color\">czerwone<\/mark><\/a><\/strong><br>&nbsp;&nbsp;&nbsp;&nbsp;&nbsp;&nbsp;&nbsp; &#8211; granatowy &#8211; 2757 U<br>&nbsp;&nbsp;&nbsp;&nbsp;&nbsp;&nbsp;&nbsp; &#8211; czerwony &#8211; RED 032U<\/p>\n\n\n\n<p><strong>Pozosta\u0142e cechy produktu:<\/strong><br>&nbsp;&nbsp; &#8211;&nbsp;numeracja tygodni,<br>&nbsp;&nbsp; &#8211; imieniny,<br>&nbsp;&nbsp; &#8211; du\u017ce czytelne napisy z zaznaczonymi \u015bwi\u0119tami,<br>&nbsp;&nbsp; &#8211; wymiary&nbsp;pojedynczego kalendarium:<br>&nbsp;&nbsp;&nbsp;&nbsp; szeroko\u015b\u0107: 277 mm, wysoko\u015b\u0107: 135 mm,<br>&nbsp;&nbsp; &#8211; wz\u00f3r kalendarium jest zastrze\u017cony,<br>&nbsp;<\/p>\n\n\n\n<p class=\"has-text-align-center\"><strong>Kliknij!<br>by wyceni\u0107 i zam\u00f3wi\u0107:<\/strong><\/p>\n\n\n\n<p class=\"has-text-align-center\">&#8211;&nbsp;<a href=\"https:\/\/drukarnia.chorzow.pl\/produkt\/kalendaria-trojdzielne-na-rok-2026\/\" target=\"_blank\" rel=\"noopener\">kalendarium <strong>czarno<\/strong><\/a><strong><a href=\"https:\/\/drukarnia.chorzow.pl\/produkt\/kalendaria-trojdzielne-na-rok-2026\/\" target=\"_blank\" rel=\"noopener\">&#8211;<mark style=\"background-color:rgba(0, 0, 0, 0)\" class=\"has-inline-color has-vivid-red-color\">czerwone<\/mark><\/a><\/strong><\/p>\n\n\n\n<p class=\"has-text-align-center\">&#8211;&nbsp;<a href=\"https:\/\/drukarnia.chorzow.pl\/produkt\/kalendarium-trojdzielne-2026\/\" target=\"_blank\" rel=\"noopener\">kalendarium&nbsp;<\/a><strong><a href=\"https:\/\/drukarnia.chorzow.pl\/produkt\/kalendarium-trojdzielne-2026\/\" target=\"_blank\" rel=\"noopener\"><mark style=\"background-color:rgba(0, 0, 0, 0)\" class=\"has-inline-color has-vivid-cyan-blue-color\">granatowo<\/mark>&#8211;<mark style=\"background-color:rgba(0, 0, 0, 0)\" class=\"has-inline-color has-vivid-red-color\">czerwone<\/mark><\/a><\/strong><\/p>\n<\/div>\n<\/div>\n<\/div>\n<\/div>\n\n\n\n<hr class=\"wp-block-separator has-alpha-channel-opacity is-style-wide\"\/>\n\n\n\n<div class=\"wp-block-columns alignfull is-layout-flex wp-container-core-columns-is-layout-9d6595d7 wp-block-columns-is-layout-flex\">\n<div class=\"wp-block-column has-background is-layout-flow wp-block-column-is-layout-flow\" style=\"background-color:#00000005;flex-basis:40%\">\n<div style=\"height:87px\" aria-hidden=\"true\" class=\"wp-block-spacer\"><\/div>\n\n\n<div class=\"wp-block-image\">\n<figure class=\"aligncenter size-full is-resized\"><img loading=\"lazy\" decoding=\"async\" width=\"389\" height=\"974\" src=\"https:\/\/kalendarium-trojdzielne.pl\/wp-content\/uploads\/2025\/07\/kalendarium_granatowo_czerwone_na_kalendarz_trojdzielny.jpg\" alt=\"\" class=\"wp-image-184\" style=\"width:275px;height:auto\" srcset=\"https:\/\/kalendarium-trojdzielne.pl\/wp-content\/uploads\/2025\/07\/kalendarium_granatowo_czerwone_na_kalendarz_trojdzielny.jpg 389w, https:\/\/kalendarium-trojdzielne.pl\/wp-content\/uploads\/2025\/07\/kalendarium_granatowo_czerwone_na_kalendarz_trojdzielny-120x300.jpg 120w\" sizes=\"auto, (max-width: 389px) 100vw, 389px\" \/><\/figure>\n<\/div><\/div>\n\n\n\n<div class=\"wp-block-column is-vertically-aligned-center is-layout-flow wp-block-column-is-layout-flow\" style=\"padding-top:1em;padding-right:1em;padding-bottom:1em;padding-left:1em\">\n<div class=\"wp-block-columns is-layout-flex wp-container-core-columns-is-layout-9d6595d7 wp-block-columns-is-layout-flex\">\n<div class=\"wp-block-column is-layout-flow wp-block-column-is-layout-flow\" style=\"flex-basis:320px\">\n<p><strong>Produkcja proekologiczna<\/strong><\/p>\n\n\n\n<p>Ka\u017cdy bloczek podklejony jest grubszym kartonikiem, kt\u00f3ry nadaje sztywno\u015b\u0107 kalendarium i zapobiega odklejaniu si\u0119 go od pleck\u00f3w.<\/p>\n\n\n\n<p>Tzw. podklejka kalendarium bardzo cz\u0119sto wykonana jest z makulatury &#8211; arkusze tektury pochodz\u0105cej z recyclingu. Jest to wysokiej jako\u015bci tektura u\u017cywana wcze\u015bniej do przygotowania druku ok\u0142adek itp., cz\u0119sto z nadrukiem. U\u017cycie takiego materia\u0142u przeznaczonego na makulatur\u0119 obni\u017ca koszt kalendarium&nbsp;<strong><u>nie wp\u0142ywaj\u0105c jednocze\u015bnie na obni\u017cenie jako\u015bci produktu.<\/u><\/strong>&nbsp;Taka polityka proekologiczna spotyka si\u0119 z du\u017cym uznaniem naszych odbiorc\u00f3w.<\/p>\n\n\n\n<p>Optymalny format kalendarium tr\u00f3jdzielnego w 99% eliminuje produkcj\u0119 odpad\u00f3w.<\/p>\n\n\n\n<p>Produkt wykonywany jest w 100 procentach z materia\u0142\u00f3w wykonanych w Polsce. Kartki wykonane s\u0105 z papieru offsetowego o gramaturze 80 g\/m<sup>2<\/sup>, podklejki wykonane s\u0105 z kartonu o gramaturze od 200-350 g\/m<sup>2<\/sup>. R\u00f3wnie\u017c klej, kt\u00f3ry spaja wszystkie karty w jedn\u0105 ca\u0142o\u015b\u0107 jest produkcji polskiej.<\/p>\n\n\n\n<p>U\u017cywany przez nasz\u0105 firm\u0119 klej jest bardziej elastyczny od zwyk\u0142ego kleju introligatorskiego. Pozwala to zachowa\u0107 odpowiednie w\u0142a\u015bciwo\u015bci bloczka nawet w ni\u017cszych temperaturach. W zwi\u0105zku z tym kalendarze mo\u017cna przechowywa\u0107 i transportowa\u0107 prawie w ka\u017cdych warunkach.<\/p>\n\n\n\n<p>&lt;&#8212; Przyk\u0142ad rozmieszczenia kalendarium na kalendarzu tr\u00f3jdzielnym<\/p>\n<\/div>\n<\/div>\n<\/div>\n<\/div>\n\n\n\n<hr class=\"wp-block-separator has-alpha-channel-opacity is-style-wide\"\/>\n\n\n\n<h6 class=\"wp-block-heading\"><strong>Wyce\u0144 i zam\u00f3w kalendarium tr\u00f3jdzielne<\/strong><\/h6>\n\n\n\n<figure class=\"wp-block-table\"><table><tbody><tr><td><strong><br>Kalendarium&nbsp;<\/strong>przeznaczone jest do naklejania na kalendarze tr\u00f3jdzielne. Opracowuj\u0105c jego projekt, graficy po\u0142o\u017cyli nacisk zar\u00f3wno na estetyk\u0119 jak i doceniany przez klient\u00f3w wysoki walor u\u017cytkowy. \u015awiadcz\u0105 o tym bardzo wyra\u017ane oznaczenia dni &#8211; widoczne nawet z du\u017cej odleg\u0142o\u015bci. Produkt sprzedawany jest w kompletach zawieraj\u0105cych ka\u017cdy z trzech bloczk\u00f3w. Do tego produktu najcz\u0119\u015bciej zamawiane s\u0105 okienka z tworzywa sztucznego, kt\u00f3re pozwalaj\u0105 zaznaczy\u0107 bie\u017c\u0105cy dzie\u0144. Wycena i zam\u00f3wienie wykonuje si\u0119 w systemie sprzeda\u017cy, kt\u00f3ry dost\u0119pny jest po klikni\u0119ciu na jeden z poni\u017cszych odno\u015bnik\u00f3w &#8211; wystarczy wybra\u0107 konkretny kolor produktu. Prosz\u0119 pami\u0119ta\u0107, \u017ce wszelkiego rodzaju rabaty uwzgl\u0119dniane s\u0105 dopiero po zalogowaniu do systemu.<\/td><\/tr><\/tbody><\/table><figcaption class=\"wp-element-caption\"><strong><em>Wyce\u0144 i i zam\u00f3w kalendarium klikaj\u0105c na interesuj\u0105cy kolor:<\/em><\/strong><\/figcaption><\/figure>\n\n\n<div class=\"wp-block-image is-style-default\">\n<figure class=\"aligncenter size-large is-resized\"><img loading=\"lazy\" decoding=\"async\" width=\"1024\" height=\"684\" src=\"https:\/\/kalendarium-trojdzielne.pl\/wp-content\/uploads\/2025\/07\/3D_kalendarium_trojdzielne_komplet_czarno_czerwone-1024x684.jpg\" alt=\"Kalendarium tr\u00f3jdzielne - czarne\" class=\"wp-image-185\" style=\"width:600px\" srcset=\"https:\/\/kalendarium-trojdzielne.pl\/wp-content\/uploads\/2025\/07\/3D_kalendarium_trojdzielne_komplet_czarno_czerwone-1024x684.jpg 1024w, https:\/\/kalendarium-trojdzielne.pl\/wp-content\/uploads\/2025\/07\/3D_kalendarium_trojdzielne_komplet_czarno_czerwone-300x201.jpg 300w, https:\/\/kalendarium-trojdzielne.pl\/wp-content\/uploads\/2025\/07\/3D_kalendarium_trojdzielne_komplet_czarno_czerwone-768x513.jpg 768w, https:\/\/kalendarium-trojdzielne.pl\/wp-content\/uploads\/2025\/07\/3D_kalendarium_trojdzielne_komplet_czarno_czerwone-1536x1027.jpg 1536w, https:\/\/kalendarium-trojdzielne.pl\/wp-content\/uploads\/2025\/07\/3D_kalendarium_trojdzielne_komplet_czarno_czerwone.jpg 1939w\" sizes=\"auto, (max-width: 767px) 89vw, (max-width: 1000px) 54vw, (max-width: 1071px) 543px, 580px\" \/><\/figure>\n<\/div>\n\n\n<h6 class=\"wp-block-heading has-text-align-center\"><a href=\"https:\/\/drukarnia.chorzow.pl\/produkt\/kalendaria-trojdzielne-na-rok-2026\/\" target=\"_blank\" rel=\"noopener\"><strong>&nbsp;kalendarium tr\u00f3jdzielne czarno-<mark style=\"background-color:rgba(0, 0, 0, 0)\" class=\"has-inline-color has-vivid-red-color\">czerwone<\/mark><\/strong><\/a><\/h6>\n\n\n\n<div style=\"height:37px\" aria-hidden=\"true\" class=\"wp-block-spacer\"><\/div>\n\n\n<div class=\"wp-block-image\">\n<figure class=\"aligncenter size-large is-resized\"><img loading=\"lazy\" decoding=\"async\" width=\"1024\" height=\"684\" src=\"https:\/\/kalendarium-trojdzielne.pl\/wp-content\/uploads\/2025\/07\/3D_kalendarium_trojdzielne_komplet_granatowo_czerwone-1024x684.jpg\" alt=\"Kalendarium tr\u00f3jdzielne - granatowe\" class=\"wp-image-186\" style=\"width:600px\" srcset=\"https:\/\/kalendarium-trojdzielne.pl\/wp-content\/uploads\/2025\/07\/3D_kalendarium_trojdzielne_komplet_granatowo_czerwone-1024x684.jpg 1024w, https:\/\/kalendarium-trojdzielne.pl\/wp-content\/uploads\/2025\/07\/3D_kalendarium_trojdzielne_komplet_granatowo_czerwone-300x201.jpg 300w, https:\/\/kalendarium-trojdzielne.pl\/wp-content\/uploads\/2025\/07\/3D_kalendarium_trojdzielne_komplet_granatowo_czerwone-768x513.jpg 768w, https:\/\/kalendarium-trojdzielne.pl\/wp-content\/uploads\/2025\/07\/3D_kalendarium_trojdzielne_komplet_granatowo_czerwone-1536x1027.jpg 1536w, https:\/\/kalendarium-trojdzielne.pl\/wp-content\/uploads\/2025\/07\/3D_kalendarium_trojdzielne_komplet_granatowo_czerwone.jpg 1939w\" sizes=\"auto, (max-width: 767px) 89vw, (max-width: 1000px) 54vw, (max-width: 1071px) 543px, 580px\" \/><\/figure>\n<\/div>\n\n\n<h6 class=\"wp-block-heading has-text-align-center\"><a href=\"https:\/\/drukarnia.chorzow.pl\/produkt\/kalendarium-trojdzielne-2026\/\" target=\"_blank\" rel=\"noopener\"><strong>&nbsp;kalendarium tr\u00f3jdzielne&nbsp;<mark style=\"background-color:rgba(0, 0, 0, 0)\" class=\"has-inline-color has-vivid-cyan-blue-color\">granatowo<\/mark>&#8211;<mark style=\"background-color:rgba(0, 0, 0, 0)\" class=\"has-inline-color has-vivid-red-color\">czerwone<\/mark><\/strong><\/a><\/h6>\n\n\n\n<h2 class=\"wp-block-heading\">Kalendarium tr\u00f3jdzielne tylko u nas! Zapraszamy do naszego sklepu<\/h2>\n\n\n\n<p><a href=\"https:\/\/kalendarium-trojdzielne.pl\/\" data-type=\"page\" data-id=\"10\">Do g\u00f3ry<\/a><\/p>\n\n\n\n<p><\/p>\n","protected":false},"excerpt":{"rendered":"<p>Kalendarium tr\u00f3jdzielne sk\u0142ada si\u0119 z 3 bloczk\u00f3w po 12 arkuszy ka\u017cdy z kartonikiem od spodu. \u015arodkowy bloczek wyr\u00f3\u017cniony jest ja\u015bniejszym &#8211; t\u0142em. Pozosta\u0142e dwa bloczki kalendarium tr\u00f3jdzielnego maj\u0105 t\u0142o nieco ciemniejsze &#8211; 10% koloru granatowego lub 10% koloru czarnego. Niedziele i \u015bwi\u0119ta wydrukowane s\u0105 w kolorze czerwonym, pozosta\u0142e dni w kolorze granatowym lub czarnym. Zakres &hellip; <\/p>\n<p class=\"link-more\"><a href=\"https:\/\/kalendarium-trojdzielne.pl\/\" class=\"more-link\">Czytaj dalej<span class=\"screen-reader-text\"> \u201eKalendarium tr\u00f3jdzielne &#8211; Informacje\u201d<\/span><\/a><\/p>\n","protected":false},"author":1,"featured_media":0,"parent":0,"menu_order":0,"comment_status":"closed","ping_status":"closed","template":"","meta":{"footnotes":""},"class_list":["post-10","page","type-page","status-publish","hentry"],"_links":{"self":[{"href":"https:\/\/kalendarium-trojdzielne.pl\/index.php\/wp-json\/wp\/v2\/pages\/10","targetHints":{"allow":["GET"]}}],"collection":[{"href":"https:\/\/kalendarium-trojdzielne.pl\/index.php\/wp-json\/wp\/v2\/pages"}],"about":[{"href":"https:\/\/kalendarium-trojdzielne.pl\/index.php\/wp-json\/wp\/v2\/types\/page"}],"author":[{"embeddable":true,"href":"https:\/\/kalendarium-trojdzielne.pl\/index.php\/wp-json\/wp\/v2\/users\/1"}],"replies":[{"embeddable":true,"href":"https:\/\/kalendarium-trojdzielne.pl\/index.php\/wp-json\/wp\/v2\/comments?post=10"}],"version-history":[{"count":71,"href":"https:\/\/kalendarium-trojdzielne.pl\/index.php\/wp-json\/wp\/v2\/pages\/10\/revisions"}],"predecessor-version":[{"id":252,"href":"https:\/\/kalendarium-trojdzielne.pl\/index.php\/wp-json\/wp\/v2\/pages\/10\/revisions\/252"}],"wp:attachment":[{"href":"https:\/\/kalendarium-trojdzielne.pl\/index.php\/wp-json\/wp\/v2\/media?parent=10"}],"curies":[{"name":"wp","href":"https:\/\/api.w.org\/{rel}","templated":true}]}}